{"id":2,"date":"2010-10-01T19:18:30","date_gmt":"2010-10-01T17:18:30","guid":{"rendered":"http:\/\/usvit.domkaliskova.sk\/?page_id=2"},"modified":"2010-10-12T15:54:27","modified_gmt":"2010-10-12T13:54:27","slug":"o-nas","status":"publish","type":"page","link":"https:\/\/usvit2010.domkaliskova.sk\/?page_id=2","title":{"rendered":"\u010co je \u00daSVIT?"},"content":{"rendered":"<ul>\n<li>Si Liskov\u010dan(ka)\u00a0 a m\u00e1\u0161 aspo\u0148 10 rokov?<\/li>\n<li>Nerob\u00ed ti probl\u00e9m t\u00edmov\u00e1 spolupr\u00e1ca?<\/li>\n<li>Zvl\u00e1dne\u0161 hra\u0165 8 mesiacov? \ud83d\ude42<\/li>\n<li>Chce\u0161 s\u00fa\u0165a\u017ei\u0165 o atrakt\u00edvne ceny v hodnote a\u017e 30\u20ac?<\/li>\n<\/ul>\n<p>Predstavujeme ti nie\u010do, \u010do Liskov\u00e1 e\u0161te neza\u017eila&#8230; \ud83d\ude09<\/p>\n<p><strong>Celoro\u010dn\u00e1 strediskov\u00e1 hra \u00daSVIT<\/strong> je 8 mesiacov pln\u00fdch hier, s\u00fa\u0165a\u017en\u00fdch ot\u00e1zok, r\u00f4znych stretnut\u00ed, tajn\u00fdch \u00faloh, a hlavne ve\u013ekej z\u00e1bavy&#8230; Vytvor si svoj t\u00edm a po\u010f na to!<\/p>\n<p>V pr\u00edpade ot\u00e1zok kontaktujte J. Timka ml. alebo p\u00ed\u0161te na <span style=\"color: #ff0000;\">usvit@domkaliskova.sk<\/span><\/p>\n<p><em>Hru \u00daSVIT pre v\u00e1s pripravuje Domka &#8211; Zdru\u017eenie salezi\u00e1nskej ml\u00e1de\u017ee v Liskovej.<\/em><\/p>\n","protected":false},"excerpt":{"rendered":"<p>Si Liskov\u010dan(ka)\u00a0 a m\u00e1\u0161 aspo\u0148 10 rokov? Nerob\u00ed ti probl\u00e9m t\u00edmov\u00e1 spolupr\u00e1ca? Zvl\u00e1dne\u0161 hra\u0165 8 mesiacov? \ud83d\ude42 Chce\u0161 s\u00fa\u0165a\u017ei\u0165 o atrakt\u00edvne ceny v hodnote a\u017e 30\u20ac? Predstavujeme ti nie\u010do, \u010do Liskov\u00e1 e\u0161te neza\u017eila&#8230; \ud83d\ude09 Celoro\u010dn\u00e1 strediskov\u00e1 hra \u00daSVIT je 8 &hellip; <a href=\"https:\/\/usvit2010.domkaliskova.sk\/?page_id=2\">Pokra\u010dova\u0165 v \u010d\u00edtan\u00ed <span class=\"meta-nav\">&rarr;<\/span><\/a><\/p>\n","protected":false},"author":1,"featured_media":0,"parent":0,"menu_order":0,"comment_status":"open","ping_status":"open","template":"","meta":[],"class_list":["post-2","page","type-page","status-publish","hentry"],"_links":{"self":[{"href":"https:\/\/usvit2010.domkaliskova.sk\/index.php?rest_route=\/wp\/v2\/pages\/2","targetHints":{"allow":["GET"]}}],"collection":[{"href":"https:\/\/usvit2010.domkaliskova.sk\/index.php?rest_route=\/wp\/v2\/pages"}],"about":[{"href":"https:\/\/usvit2010.domkaliskova.sk\/index.php?rest_route=\/wp\/v2\/types\/page"}],"author":[{"embeddable":true,"href":"https:\/\/usvit2010.domkaliskova.sk\/index.php?rest_route=\/wp\/v2\/users\/1"}],"replies":[{"embeddable":true,"href":"https:\/\/usvit2010.domkaliskova.sk\/index.php?rest_route=%2Fwp%2Fv2%2Fcomments&post=2"}],"version-history":[{"count":13,"href":"https:\/\/usvit2010.domkaliskova.sk\/index.php?rest_route=\/wp\/v2\/pages\/2\/revisions"}],"predecessor-version":[{"id":6,"href":"https:\/\/usvit2010.domkaliskova.sk\/index.php?rest_route=\/wp\/v2\/pages\/2\/revisions\/6"}],"wp:attachment":[{"href":"https:\/\/usvit2010.domkaliskova.sk\/index.php?rest_route=%2Fwp%2Fv2%2Fmedia&parent=2"}],"curies":[{"name":"wp","href":"https:\/\/api.w.org\/{rel}","templated":true}]}}