{"id":228,"date":"2010-11-02T11:13:06","date_gmt":"2010-11-02T10:13:06","guid":{"rendered":"http:\/\/usvit.domkaliskova.sk\/?page_id=228"},"modified":"2011-03-14T16:24:58","modified_gmt":"2011-03-14T15:24:58","slug":"zoznam-clenov-timov","status":"publish","type":"page","link":"https:\/\/usvit2010.domkaliskova.sk\/?page_id=228","title":{"rendered":"Zoznam \u010dlenov t\u00edmov"},"content":{"rendered":"<p><span style=\"color: #ff6600;\"><strong>Azivekajaju (10):<\/strong><\/span> Alexandra Kubalov\u00e1, Zuzana Adam\u010diakov\u00e1, Veronika Hali\u010dkov\u00e1, Katar\u00edna Adam\u010diakov\u00e1, Jakub Litviak, J\u00falia \u0160rob\u00e1rov\u00e1, Lenka Litviakov\u00e1, Katar\u00edna Kozov\u00e1, Lucia Sekanov\u00e1, Samuel Sekan<\/p>\n<p><span style=\"color: #ff6600;\"><strong>Mravco\u017er\u00fati (10):<\/strong><\/span> Dominik Timko, \u0160tefan Timko, Veronika Ilovsk\u00e1, Matej Hradsk\u00fd, Veronika Pudi\u0161ov\u00e1, Jakub Kubala, Zuzana Ro\u0161tekov\u00e1, Filip Kubala, Simona Kubalov\u00e1, Radka Kubalov\u00e1<\/p>\n<p><span style=\"color: #ff6600;\"><strong>Daj si! (9):<\/strong><\/span> Veronika Timkov\u00e1, Michal\u00a0Marton, Matej Karn\u00edk, Michal Forg\u00e1\u010d, Nat\u00e1lia Kubalov\u00e1, Matej Sekan, Stella Ba\u010d\u00edkov\u00e1, Nat\u00e1lia Chovanov\u00e1, Krist\u00edna Holom\u00e1\u0148ov\u00e1<\/p>\n<p><span style=\"color: #ff6600;\"><strong>Oneskoren\u00ed (9):<\/strong><\/span> Ivana Moj\u0161ov\u00e1, Veronika \u0160aravsk\u00e1, Paul\u00edna Moj\u0161ov\u00e1, Petra Har\u00ed\u0148ov\u00e1, Ane\u017eka \u0160aravsk\u00e1, Veronika Vierikov\u00e1, R\u00f3bert Ba\u010d\u00edk, Marek Urm\u00edn, Filip Har\u00ed\u0148<\/p>\n<p><span style=\"color: #ff6600;\"><strong>Uh\u013eohydr\u00e1ty (10):<\/strong><\/span> Barbora Kubalov\u00e1, Mari\u00e1n \u017d\u00fabor, Daniel Kotyra, Marianna Urm\u00ednov\u00e1,  Denisa Kubalov\u00e1, Luk\u00e1\u0161 Kucko, Filip Mrva, Michal  Kubo\u0161ko, Monika Laukov\u00e1, Andrej Boron\u010do<\/p>\n<p><span style=\"color: #ff6600;\"><strong>Sme tam \ud83d\ude1b (8):<\/strong><\/span> Mat\u00fa\u0161 Da\u0148o, Rastislav Hradsk\u00fd, M\u00e1ria Martonov\u00e1, Nat\u00e1lia Mrvov\u00e1, Luk\u00e1\u0161 Piecka, M\u00e1rio Piecka, Tade\u00e1\u0161 \u0160rob\u00e1r, Sebasti\u00e1n \u0160rob\u00e1r<\/p>\n","protected":false},"excerpt":{"rendered":"<p>Azivekajaju (10): Alexandra Kubalov\u00e1, Zuzana Adam\u010diakov\u00e1, Veronika Hali\u010dkov\u00e1, Katar\u00edna Adam\u010diakov\u00e1, Jakub Litviak, J\u00falia \u0160rob\u00e1rov\u00e1, Lenka Litviakov\u00e1, Katar\u00edna Kozov\u00e1, Lucia Sekanov\u00e1, Samuel Sekan Mravco\u017er\u00fati (10): Dominik Timko, \u0160tefan Timko, Veronika Ilovsk\u00e1, Matej Hradsk\u00fd, Veronika Pudi\u0161ov\u00e1, Jakub Kubala, Zuzana Ro\u0161tekov\u00e1, Filip Kubala, &hellip; <a href=\"https:\/\/usvit2010.domkaliskova.sk\/?page_id=228\">Pokra\u010dova\u0165 v \u010d\u00edtan\u00ed <span class=\"meta-nav\">&rarr;<\/span><\/a><\/p>\n","protected":false},"author":1,"featured_media":0,"parent":0,"menu_order":0,"comment_status":"open","ping_status":"open","template":"","meta":[],"class_list":["post-228","page","type-page","status-publish","hentry"],"_links":{"self":[{"href":"https:\/\/usvit2010.domkaliskova.sk\/index.php?rest_route=\/wp\/v2\/pages\/228","targetHints":{"allow":["GET"]}}],"collection":[{"href":"https:\/\/usvit2010.domkaliskova.sk\/index.php?rest_route=\/wp\/v2\/pages"}],"about":[{"href":"https:\/\/usvit2010.domkaliskova.sk\/index.php?rest_route=\/wp\/v2\/types\/page"}],"author":[{"embeddable":true,"href":"https:\/\/usvit2010.domkaliskova.sk\/index.php?rest_route=\/wp\/v2\/users\/1"}],"replies":[{"embeddable":true,"href":"https:\/\/usvit2010.domkaliskova.sk\/index.php?rest_route=%2Fwp%2Fv2%2Fcomments&post=228"}],"version-history":[{"count":22,"href":"https:\/\/usvit2010.domkaliskova.sk\/index.php?rest_route=\/wp\/v2\/pages\/228\/revisions"}],"predecessor-version":[{"id":865,"href":"https:\/\/usvit2010.domkaliskova.sk\/index.php?rest_route=\/wp\/v2\/pages\/228\/revisions\/865"}],"wp:attachment":[{"href":"https:\/\/usvit2010.domkaliskova.sk\/index.php?rest_route=%2Fwp%2Fv2%2Fmedia&parent=228"}],"curies":[{"name":"wp","href":"https:\/\/api.w.org\/{rel}","templated":true}]}}